{"id":1598,"date":"2023-08-16T06:32:47","date_gmt":"2023-08-16T06:32:47","guid":{"rendered":"https:\/\/wellnessbymounia.com\/?page_id=1598"},"modified":"2023-10-13T18:08:47","modified_gmt":"2023-10-13T18:08:47","slug":"thethahealing","status":"publish","type":"page","link":"https:\/\/wellnessbymounia.com\/fr\/thethahealing\/","title":{"rendered":"ThethaHealing"},"content":{"rendered":"<div data-elementor-type=\"wp-page\" data-elementor-id=\"1598\" class=\"elementor elementor-1598\" data-elementor-post-type=\"page\">\n\t\t\t\t\t\t<section class=\"elementor-section elementor-top-section elementor-element elementor-element-c669336 elementor-section-height-min-height elementor-section-items-bottom elementor-section-content-bottom elementor-section-boxed elementor-section-height-default\" data-id=\"c669336\" data-element_type=\"section\" data-e-type=\"section\" data-settings=\"{&quot;background_background&quot;:&quot;classic&quot;}\">\n\t\t\t\t\t\t\t<div class=\"elementor-background-overlay\"><\/div>\n\t\t\t\t\t\t\t<div class=\"elementor-container elementor-column-gap-no\">\n\t\t\t\t\t<div class=\"elementor-column elementor-col-100 elementor-top-column elementor-element elementor-element-10d5772\" data-id=\"10d5772\" data-element_type=\"column\" data-e-type=\"column\">\n\t\t\t<div class=\"elementor-widget-wrap elementor-element-populated\">\n\t\t\t\t\t\t<div class=\"elementor-element elementor-element-879d974 elementor-widget elementor-widget-heading\" data-id=\"879d974\" data-element_type=\"widget\" data-e-type=\"widget\" data-widget_type=\"heading.default\">\n\t\t\t\t<div class=\"elementor-widget-container\">\n\t\t\t\t\t<h1 class=\"elementor-heading-title elementor-size-default\">ThethaHealing<\/h1>\t\t\t\t<\/div>\n\t\t\t\t<\/div>\n\t\t\t\t\t<\/div>\n\t\t<\/div>\n\t\t\t\t\t<\/div>\n\t\t<\/section>\n\t\t\t\t<section class=\"elementor-section elementor-top-section elementor-element elementor-element-cbb9d5f elementor-section-boxed elementor-section-height-default elementor-section-height-default\" data-id=\"cbb9d5f\" data-element_type=\"section\" data-e-type=\"section\" data-settings=\"{&quot;background_background&quot;:&quot;gradient&quot;}\">\n\t\t\t\t\t\t<div class=\"elementor-container elementor-column-gap-no\">\n\t\t\t\t\t<div class=\"elementor-column elementor-col-100 elementor-top-column elementor-element elementor-element-025feac\" data-id=\"025feac\" data-element_type=\"column\" data-e-type=\"column\" data-settings=\"{&quot;background_background&quot;:&quot;classic&quot;}\">\n\t\t\t<div class=\"elementor-widget-wrap elementor-element-populated\">\n\t\t\t\t\t\t<div class=\"elementor-element elementor-element-bee394a elementor-widget elementor-widget-heading\" data-id=\"bee394a\" data-element_type=\"widget\" data-e-type=\"widget\" data-widget_type=\"heading.default\">\n\t\t\t\t<div class=\"elementor-widget-container\">\n\t\t\t\t\t<h2 class=\"elementor-heading-title elementor-size-default\">ThethaHealing, un outil de Neuro-Reprogrammation.<\/h2>\t\t\t\t<\/div>\n\t\t\t\t<\/div>\n\t\t\t\t<div class=\"elementor-element elementor-element-3b24ec5 elementor-widget elementor-widget-text-editor\" data-id=\"3b24ec5\" data-element_type=\"widget\" data-e-type=\"widget\" data-widget_type=\"text-editor.default\">\n\t\t\t\t<div class=\"elementor-widget-container\">\n\t\t\t\t\t\t\t\t\t<p>La science nous \u00e9claire de plus en plus sur l'impact du cerveau, du syst\u00e8me nerveux et du stress sur ainsi que sur la fa\u00e7on dont nous pouvons travailler avec le cerveau pour cr\u00e9er le Bien-\u00catre.<\/p><p>Il s'agit de reprogrammer consciemment le cerveau vers des pens\u00e9es (et par cons\u00e9quent des actions) qui sont align\u00e9es avec les v\u00e9rit\u00e9s profondes de qui nous sommes en tant que CR\u00c9ATEURS puissants<\/p><p>Les pens\u00e9es que \u00ab nous alimentons \u00bb ont un effet r\u00e9el et tangible sur la chimie de notre corps et travaillent pour ou contre nous dans la cr\u00e9ation de la vie et du niveau de sant\u00e9 que nous d\u00e9sirons vraiment.<\/p><p>Souvent, les pens\u00e9es qui nous emp\u00eachent de cr\u00e9er les changements POSITIFS que nous d\u00e9sirons dans notre vie ne sont pas toujours \u00e9videntes \u00e0 percevoir. Ce sont comme des angles morts (nous en avons tous) et le fait de ne pas les conna\u00eetre peut cr\u00e9er beaucoup de frustration en raison d'objectifs non atteints ou d'un manque d'avancement.<\/p><p>Nous pouvons nous sentir impuissants et bloqu\u00e9s dans une orni\u00e8re.<\/p><p>Avec l\u2019approche ThetaHealing, il existe une technique appel\u00e9e \"creuser\" qui aide le client \u00e0 d\u00e9couvrir les croyances subconscientes qui entravent le changement qu'il souhaite op\u00e9rer en mati\u00e8re de sant\u00e9, de finances ou de relations.<\/p><div class=\"message-wrapper\"><div id=\"d033cf0f-e119-1634-7f7f-7f7f7f7f7f7f_baf11b30-3ba5-11ee-86b6-a51777bb0c32\" class=\"message\"><div class=\"message-content\"><div><div><p class=\"message-body\">Lorsque nous connaissons les croyances sous-jacentes, nous pouvons vraiment les CHANGER!<\/p><\/div><\/div><\/div><\/div><\/div>\t\t\t\t\t\t\t\t<\/div>\n\t\t\t\t<\/div>\n\t\t\t\t\t<\/div>\n\t\t<\/div>\n\t\t\t\t\t<\/div>\n\t\t<\/section>\n\t\t\t\t<section class=\"elementor-section elementor-top-section elementor-element elementor-element-87c3126 elementor-section-boxed elementor-section-height-default elementor-section-height-default\" data-id=\"87c3126\" data-element_type=\"section\" data-e-type=\"section\" data-settings=\"{&quot;background_background&quot;:&quot;classic&quot;}\">\n\t\t\t\t\t\t<div class=\"elementor-container elementor-column-gap-default\">\n\t\t\t\t\t<div class=\"elementor-column elementor-col-33 elementor-top-column elementor-element elementor-element-7bdf4ad\" data-id=\"7bdf4ad\" data-element_type=\"column\" data-e-type=\"column\">\n\t\t\t<div class=\"elementor-widget-wrap elementor-element-populated\">\n\t\t\t\t\t\t<div class=\"elementor-element elementor-element-03deaed elementor-widget elementor-widget-image\" data-id=\"03deaed\" data-element_type=\"widget\" data-e-type=\"widget\" data-widget_type=\"image.default\">\n\t\t\t\t<div class=\"elementor-widget-container\">\n\t\t\t\t\t\t\t\t\t\t\t\t\t\t\t<img fetchpriority=\"high\" decoding=\"async\" width=\"942\" height=\"1024\" src=\"https:\/\/i0.wp.com\/wellnessbymounia.com\/wp-content\/uploads\/2023\/08\/IMG_3614.jpeg?fit=942%2C1024&amp;ssl=1\" class=\"attachment-large size-large wp-image-1600\" alt=\"\" srcset=\"https:\/\/i0.wp.com\/wellnessbymounia.com\/wp-content\/uploads\/2023\/08\/IMG_3614.jpeg?w=1179&amp;ssl=1 1179w, https:\/\/i0.wp.com\/wellnessbymounia.com\/wp-content\/uploads\/2023\/08\/IMG_3614.jpeg?resize=276%2C300&amp;ssl=1 276w, https:\/\/i0.wp.com\/wellnessbymounia.com\/wp-content\/uploads\/2023\/08\/IMG_3614.jpeg?resize=942%2C1024&amp;ssl=1 942w, https:\/\/i0.wp.com\/wellnessbymounia.com\/wp-content\/uploads\/2023\/08\/IMG_3614.jpeg?resize=768%2C835&amp;ssl=1 768w, https:\/\/i0.wp.com\/wellnessbymounia.com\/wp-content\/uploads\/2023\/08\/IMG_3614.jpeg?resize=11%2C12&amp;ssl=1 11w\" sizes=\"(max-width: 942px) 100vw, 942px\" \/>\t\t\t\t\t\t\t\t\t\t\t\t\t\t\t<\/div>\n\t\t\t\t<\/div>\n\t\t\t\t\t<\/div>\n\t\t<\/div>\n\t\t\t\t<div class=\"elementor-column elementor-col-33 elementor-top-column elementor-element elementor-element-67a14b0\" data-id=\"67a14b0\" data-element_type=\"column\" data-e-type=\"column\">\n\t\t\t<div class=\"elementor-widget-wrap elementor-element-populated\">\n\t\t\t\t\t\t<div class=\"elementor-element elementor-element-0158039 elementor-widget elementor-widget-image\" data-id=\"0158039\" data-element_type=\"widget\" data-e-type=\"widget\" data-widget_type=\"image.default\">\n\t\t\t\t<div class=\"elementor-widget-container\">\n\t\t\t\t\t\t\t\t\t\t\t\t\t\t\t<img decoding=\"async\" width=\"1024\" height=\"789\" src=\"https:\/\/i0.wp.com\/wellnessbymounia.com\/wp-content\/uploads\/2023\/08\/IMG_3600.jpeg?fit=1024%2C789&amp;ssl=1\" class=\"attachment-large size-large wp-image-1602\" alt=\"\" srcset=\"https:\/\/i0.wp.com\/wellnessbymounia.com\/wp-content\/uploads\/2023\/08\/IMG_3600.jpeg?w=1179&amp;ssl=1 1179w, https:\/\/i0.wp.com\/wellnessbymounia.com\/wp-content\/uploads\/2023\/08\/IMG_3600.jpeg?resize=300%2C231&amp;ssl=1 300w, https:\/\/i0.wp.com\/wellnessbymounia.com\/wp-content\/uploads\/2023\/08\/IMG_3600.jpeg?resize=1024%2C789&amp;ssl=1 1024w, https:\/\/i0.wp.com\/wellnessbymounia.com\/wp-content\/uploads\/2023\/08\/IMG_3600.jpeg?resize=768%2C592&amp;ssl=1 768w, https:\/\/i0.wp.com\/wellnessbymounia.com\/wp-content\/uploads\/2023\/08\/IMG_3600.jpeg?resize=16%2C12&amp;ssl=1 16w\" sizes=\"(max-width: 1024px) 100vw, 1024px\" \/>\t\t\t\t\t\t\t\t\t\t\t\t\t\t\t<\/div>\n\t\t\t\t<\/div>\n\t\t\t\t\t<\/div>\n\t\t<\/div>\n\t\t\t\t<div class=\"elementor-column elementor-col-33 elementor-top-column elementor-element elementor-element-878ab9f\" data-id=\"878ab9f\" data-element_type=\"column\" data-e-type=\"column\">\n\t\t\t<div class=\"elementor-widget-wrap elementor-element-populated\">\n\t\t\t\t\t\t<div class=\"elementor-element elementor-element-53dd186 elementor-widget elementor-widget-image\" data-id=\"53dd186\" data-element_type=\"widget\" data-e-type=\"widget\" data-widget_type=\"image.default\">\n\t\t\t\t<div class=\"elementor-widget-container\">\n\t\t\t\t\t\t\t\t\t\t\t\t\t\t\t<img decoding=\"async\" width=\"1024\" height=\"790\" src=\"https:\/\/i0.wp.com\/wellnessbymounia.com\/wp-content\/uploads\/2023\/08\/IMG_3599.jpeg?fit=1024%2C790&amp;ssl=1\" class=\"attachment-large size-large wp-image-1601\" alt=\"\" srcset=\"https:\/\/i0.wp.com\/wellnessbymounia.com\/wp-content\/uploads\/2023\/08\/IMG_3599.jpeg?w=1179&amp;ssl=1 1179w, https:\/\/i0.wp.com\/wellnessbymounia.com\/wp-content\/uploads\/2023\/08\/IMG_3599.jpeg?resize=300%2C232&amp;ssl=1 300w, https:\/\/i0.wp.com\/wellnessbymounia.com\/wp-content\/uploads\/2023\/08\/IMG_3599.jpeg?resize=1024%2C790&amp;ssl=1 1024w, https:\/\/i0.wp.com\/wellnessbymounia.com\/wp-content\/uploads\/2023\/08\/IMG_3599.jpeg?resize=768%2C593&amp;ssl=1 768w, https:\/\/i0.wp.com\/wellnessbymounia.com\/wp-content\/uploads\/2023\/08\/IMG_3599.jpeg?resize=16%2C12&amp;ssl=1 16w\" sizes=\"(max-width: 1024px) 100vw, 1024px\" \/>\t\t\t\t\t\t\t\t\t\t\t\t\t\t\t<\/div>\n\t\t\t\t<\/div>\n\t\t\t\t\t<\/div>\n\t\t<\/div>\n\t\t\t\t\t<\/div>\n\t\t<\/section>\n\t\t\t\t<\/div>","protected":false},"excerpt":{"rendered":"<p>ThethaHealing ThethaHealing, a Neuro-Reprogramming tool. Increasingly in science, we are getting clearer about the impact of the brain and nervous system and stress on us AND how we can work with the brain to create wellness. This is through consciously rewiring the brain to thoughts (and as a result actions) that are aligned with the [&hellip;]<\/p>\n","protected":false},"author":1,"featured_media":0,"parent":0,"menu_order":0,"comment_status":"closed","ping_status":"closed","template":"","meta":{"om_disable_all_campaigns":false,"site-sidebar-layout":"no-sidebar","site-content-layout":"page-builder","ast-site-content-layout":"default","site-content-style":"default","site-sidebar-style":"default","ast-global-header-display":"","ast-banner-title-visibility":"","ast-main-header-display":"","ast-hfb-above-header-display":"","ast-hfb-below-header-display":"","ast-hfb-mobile-header-display":"","site-post-title":"disabled","ast-breadcrumbs-content":"","ast-featured-img":"disabled","footer-sml-layout":"","ast-disable-related-posts":"","theme-transparent-header-meta":"","adv-header-id-meta":"","stick-header-meta":"","header-above-stick-meta":"","header-main-stick-meta":"","header-below-stick-meta":"","astra-migrate-meta-layouts":"default","ast-page-background-enabled":"default","ast-page-background-meta":{"desktop":{"background-color":"var(--ast-global-color-4)","background-image":"","background-repeat":"repeat","background-position":"center center","background-size":"auto","background-attachment":"scroll","background-type":"","background-media":"","overlay-type":"","overlay-color":"","overlay-opacity":"","overlay-gradient":""},"tablet":{"background-color":"","background-image":"","background-repeat":"repeat","background-position":"center center","background-size":"auto","background-attachment":"scroll","background-type":"","background-media":"","overlay-type":"","overlay-color":"","overlay-opacity":"","overlay-gradient":""},"mobile":{"background-color":"","background-image":"","background-repeat":"repeat","background-position":"center center","background-size":"auto","background-attachment":"scroll","background-type":"","background-media":"","overlay-type":"","overlay-color":"","overlay-opacity":"","overlay-gradient":""}},"ast-content-background-meta":{"desktop":{"background-color":"var(--ast-global-color-5)","background-image":"","background-repeat":"repeat","background-position":"center center","background-size":"auto","background-attachment":"scroll","background-type":"","background-media":"","overlay-type":"","overlay-color":"","overlay-opacity":"","overlay-gradient":""},"tablet":{"background-color":"var(--ast-global-color-5)","background-image":"","background-repeat":"repeat","background-position":"center center","background-size":"auto","background-attachment":"scroll","background-type":"","background-media":"","overlay-type":"","overlay-color":"","overlay-opacity":"","overlay-gradient":""},"mobile":{"background-color":"var(--ast-global-color-5)","background-image":"","background-repeat":"repeat","background-position":"center center","background-size":"auto","background-attachment":"scroll","background-type":"","background-media":"","overlay-type":"","overlay-color":"","overlay-opacity":"","overlay-gradient":""}},"footnotes":""},"class_list":["post-1598","page","type-page","status-publish","hentry"],"yoast_head":"<!-- This site is optimized with the Yoast SEO plugin v27.4 - https:\/\/yoast.com\/product\/yoast-seo-wordpress\/ -->\n<title>ThethaHealing - wellnessbymounia<\/title>\n<meta name=\"robots\" content=\"index, follow, max-snippet:-1, max-image-preview:large, max-video-preview:-1\" \/>\n<link rel=\"canonical\" href=\"https:\/\/wellnessbymounia.com\/fr\/thethahealing\/\" \/>\n<meta property=\"og:locale\" content=\"fr_CA\" \/>\n<meta property=\"og:type\" content=\"article\" \/>\n<meta property=\"og:title\" content=\"ThethaHealing - wellnessbymounia\" \/>\n<meta property=\"og:description\" content=\"ThethaHealing ThethaHealing, a Neuro-Reprogramming tool. Increasingly in science, we are getting clearer about the impact of the brain and nervous system and stress on us AND how we can work with the brain to create wellness. This is through consciously rewiring the brain to thoughts (and as a result actions) that are aligned with the [&hellip;]\" \/>\n<meta property=\"og:url\" content=\"https:\/\/wellnessbymounia.com\/fr\/thethahealing\/\" \/>\n<meta property=\"og:site_name\" content=\"wellnessbymounia\" \/>\n<meta property=\"article:modified_time\" content=\"2023-10-13T18:08:47+00:00\" \/>\n<meta property=\"og:image\" content=\"https:\/\/wellnessbymounia.com\/wp-content\/uploads\/2023\/08\/IMG_3614-942x1024.jpeg\" \/>\n<meta name=\"twitter:card\" content=\"summary_large_image\" \/>\n<meta name=\"twitter:label1\" content=\"Estimation du temps de lecture\" \/>\n\t<meta name=\"twitter:data1\" content=\"2 minutes\" \/>\n<script type=\"application\/ld+json\" class=\"yoast-schema-graph\">{\"@context\":\"https:\\\/\\\/schema.org\",\"@graph\":[{\"@type\":\"WebPage\",\"@id\":\"https:\\\/\\\/wellnessbymounia.com\\\/thethahealing\\\/\",\"url\":\"https:\\\/\\\/wellnessbymounia.com\\\/thethahealing\\\/\",\"name\":\"ThethaHealing - wellnessbymounia\",\"isPartOf\":{\"@id\":\"https:\\\/\\\/wellnessbymounia.com\\\/#website\"},\"primaryImageOfPage\":{\"@id\":\"https:\\\/\\\/wellnessbymounia.com\\\/thethahealing\\\/#primaryimage\"},\"image\":{\"@id\":\"https:\\\/\\\/wellnessbymounia.com\\\/thethahealing\\\/#primaryimage\"},\"thumbnailUrl\":\"https:\\\/\\\/wellnessbymounia.com\\\/wp-content\\\/uploads\\\/2023\\\/08\\\/IMG_3614-942x1024.jpeg\",\"datePublished\":\"2023-08-16T06:32:47+00:00\",\"dateModified\":\"2023-10-13T18:08:47+00:00\",\"breadcrumb\":{\"@id\":\"https:\\\/\\\/wellnessbymounia.com\\\/thethahealing\\\/#breadcrumb\"},\"inLanguage\":\"fr-CA\",\"potentialAction\":[{\"@type\":\"ReadAction\",\"target\":[\"https:\\\/\\\/wellnessbymounia.com\\\/thethahealing\\\/\"]}]},{\"@type\":\"ImageObject\",\"inLanguage\":\"fr-CA\",\"@id\":\"https:\\\/\\\/wellnessbymounia.com\\\/thethahealing\\\/#primaryimage\",\"url\":\"https:\\\/\\\/wellnessbymounia.com\\\/wp-content\\\/uploads\\\/2023\\\/08\\\/IMG_3614-942x1024.jpeg\",\"contentUrl\":\"https:\\\/\\\/wellnessbymounia.com\\\/wp-content\\\/uploads\\\/2023\\\/08\\\/IMG_3614-942x1024.jpeg\"},{\"@type\":\"BreadcrumbList\",\"@id\":\"https:\\\/\\\/wellnessbymounia.com\\\/thethahealing\\\/#breadcrumb\",\"itemListElement\":[{\"@type\":\"ListItem\",\"position\":1,\"name\":\"Home\",\"item\":\"https:\\\/\\\/wellnessbymounia.com\\\/\"},{\"@type\":\"ListItem\",\"position\":2,\"name\":\"ThethaHealing\"}]},{\"@type\":\"WebSite\",\"@id\":\"https:\\\/\\\/wellnessbymounia.com\\\/#website\",\"url\":\"https:\\\/\\\/wellnessbymounia.com\\\/\",\"name\":\"wellnessbymounia\",\"description\":\"Power to Inspire Change\",\"publisher\":{\"@id\":\"https:\\\/\\\/wellnessbymounia.com\\\/#organization\"},\"potentialAction\":[{\"@type\":\"SearchAction\",\"target\":{\"@type\":\"EntryPoint\",\"urlTemplate\":\"https:\\\/\\\/wellnessbymounia.com\\\/?s={search_term_string}\"},\"query-input\":{\"@type\":\"PropertyValueSpecification\",\"valueRequired\":true,\"valueName\":\"search_term_string\"}}],\"inLanguage\":\"fr-CA\"},{\"@type\":\"Organization\",\"@id\":\"https:\\\/\\\/wellnessbymounia.com\\\/#organization\",\"name\":\"wellnessbymounia\",\"url\":\"https:\\\/\\\/wellnessbymounia.com\\\/\",\"logo\":{\"@type\":\"ImageObject\",\"inLanguage\":\"fr-CA\",\"@id\":\"https:\\\/\\\/wellnessbymounia.com\\\/#\\\/schema\\\/logo\\\/image\\\/\",\"url\":\"https:\\\/\\\/i0.wp.com\\\/wellnessbymounia.com\\\/wp-content\\\/uploads\\\/2022\\\/08\\\/cropped-cropped-cropped-cropped-logotransparentnoir1.png?fit=512%2C512&ssl=1\",\"contentUrl\":\"https:\\\/\\\/i0.wp.com\\\/wellnessbymounia.com\\\/wp-content\\\/uploads\\\/2022\\\/08\\\/cropped-cropped-cropped-cropped-logotransparentnoir1.png?fit=512%2C512&ssl=1\",\"width\":512,\"height\":512,\"caption\":\"wellnessbymounia\"},\"image\":{\"@id\":\"https:\\\/\\\/wellnessbymounia.com\\\/#\\\/schema\\\/logo\\\/image\\\/\"}}]}<\/script>\n<!-- \/ Yoast SEO plugin. -->","yoast_head_json":{"title":"ThethaHealing - wellnessbymounia","robots":{"index":"index","follow":"follow","max-snippet":"max-snippet:-1","max-image-preview":"max-image-preview:large","max-video-preview":"max-video-preview:-1"},"canonical":"https:\/\/wellnessbymounia.com\/fr\/thethahealing\/","og_locale":"fr_CA","og_type":"article","og_title":"ThethaHealing - wellnessbymounia","og_description":"ThethaHealing ThethaHealing, a Neuro-Reprogramming tool. Increasingly in science, we are getting clearer about the impact of the brain and nervous system and stress on us AND how we can work with the brain to create wellness. This is through consciously rewiring the brain to thoughts (and as a result actions) that are aligned with the [&hellip;]","og_url":"https:\/\/wellnessbymounia.com\/fr\/thethahealing\/","og_site_name":"wellnessbymounia","article_modified_time":"2023-10-13T18:08:47+00:00","og_image":[{"url":"https:\/\/wellnessbymounia.com\/wp-content\/uploads\/2023\/08\/IMG_3614-942x1024.jpeg","type":"","width":"","height":""}],"twitter_card":"summary_large_image","twitter_misc":{"Estimation du temps de lecture":"2 minutes"},"schema":{"@context":"https:\/\/schema.org","@graph":[{"@type":"WebPage","@id":"https:\/\/wellnessbymounia.com\/thethahealing\/","url":"https:\/\/wellnessbymounia.com\/thethahealing\/","name":"ThethaHealing - wellnessbymounia","isPartOf":{"@id":"https:\/\/wellnessbymounia.com\/#website"},"primaryImageOfPage":{"@id":"https:\/\/wellnessbymounia.com\/thethahealing\/#primaryimage"},"image":{"@id":"https:\/\/wellnessbymounia.com\/thethahealing\/#primaryimage"},"thumbnailUrl":"https:\/\/wellnessbymounia.com\/wp-content\/uploads\/2023\/08\/IMG_3614-942x1024.jpeg","datePublished":"2023-08-16T06:32:47+00:00","dateModified":"2023-10-13T18:08:47+00:00","breadcrumb":{"@id":"https:\/\/wellnessbymounia.com\/thethahealing\/#breadcrumb"},"inLanguage":"fr-CA","potentialAction":[{"@type":"ReadAction","target":["https:\/\/wellnessbymounia.com\/thethahealing\/"]}]},{"@type":"ImageObject","inLanguage":"fr-CA","@id":"https:\/\/wellnessbymounia.com\/thethahealing\/#primaryimage","url":"https:\/\/wellnessbymounia.com\/wp-content\/uploads\/2023\/08\/IMG_3614-942x1024.jpeg","contentUrl":"https:\/\/wellnessbymounia.com\/wp-content\/uploads\/2023\/08\/IMG_3614-942x1024.jpeg"},{"@type":"BreadcrumbList","@id":"https:\/\/wellnessbymounia.com\/thethahealing\/#breadcrumb","itemListElement":[{"@type":"ListItem","position":1,"name":"Home","item":"https:\/\/wellnessbymounia.com\/"},{"@type":"ListItem","position":2,"name":"ThethaHealing"}]},{"@type":"WebSite","@id":"https:\/\/wellnessbymounia.com\/#website","url":"https:\/\/wellnessbymounia.com\/","name":"wellnessbymounia","description":"Power to Inspire Change","publisher":{"@id":"https:\/\/wellnessbymounia.com\/#organization"},"potentialAction":[{"@type":"SearchAction","target":{"@type":"EntryPoint","urlTemplate":"https:\/\/wellnessbymounia.com\/?s={search_term_string}"},"query-input":{"@type":"PropertyValueSpecification","valueRequired":true,"valueName":"search_term_string"}}],"inLanguage":"fr-CA"},{"@type":"Organization","@id":"https:\/\/wellnessbymounia.com\/#organization","name":"wellnessbymounia","url":"https:\/\/wellnessbymounia.com\/","logo":{"@type":"ImageObject","inLanguage":"fr-CA","@id":"https:\/\/wellnessbymounia.com\/#\/schema\/logo\/image\/","url":"https:\/\/i0.wp.com\/wellnessbymounia.com\/wp-content\/uploads\/2022\/08\/cropped-cropped-cropped-cropped-logotransparentnoir1.png?fit=512%2C512&ssl=1","contentUrl":"https:\/\/i0.wp.com\/wellnessbymounia.com\/wp-content\/uploads\/2022\/08\/cropped-cropped-cropped-cropped-logotransparentnoir1.png?fit=512%2C512&ssl=1","width":512,"height":512,"caption":"wellnessbymounia"},"image":{"@id":"https:\/\/wellnessbymounia.com\/#\/schema\/logo\/image\/"}}]}},"jetpack_sharing_enabled":true,"_links":{"self":[{"href":"https:\/\/wellnessbymounia.com\/fr\/wp-json\/wp\/v2\/pages\/1598","targetHints":{"allow":["GET"]}}],"collection":[{"href":"https:\/\/wellnessbymounia.com\/fr\/wp-json\/wp\/v2\/pages"}],"about":[{"href":"https:\/\/wellnessbymounia.com\/fr\/wp-json\/wp\/v2\/types\/page"}],"author":[{"embeddable":true,"href":"https:\/\/wellnessbymounia.com\/fr\/wp-json\/wp\/v2\/users\/1"}],"replies":[{"embeddable":true,"href":"https:\/\/wellnessbymounia.com\/fr\/wp-json\/wp\/v2\/comments?post=1598"}],"version-history":[{"count":47,"href":"https:\/\/wellnessbymounia.com\/fr\/wp-json\/wp\/v2\/pages\/1598\/revisions"}],"predecessor-version":[{"id":1795,"href":"https:\/\/wellnessbymounia.com\/fr\/wp-json\/wp\/v2\/pages\/1598\/revisions\/1795"}],"wp:attachment":[{"href":"https:\/\/wellnessbymounia.com\/fr\/wp-json\/wp\/v2\/media?parent=1598"}],"curies":[{"name":"wp","href":"https:\/\/api.w.org\/{rel}","templated":true}]}}